{"id":5602,"date":"2024-07-31T09:18:26","date_gmt":"2024-07-31T09:18:26","guid":{"rendered":"https:\/\/www.champagne-barfontarc.com\/terms-of-use\/"},"modified":"2026-04-27T06:27:43","modified_gmt":"2026-04-27T06:27:43","slug":"terms-of-use","status":"publish","type":"page","link":"https:\/\/www.champagne-barfontarc.com\/en\/terms-of-use\/","title":{"rendered":"Legal notice"},"content":{"rendered":"\t\t<div data-elementor-type=\"wp-page\" data-elementor-id=\"5602\" class=\"elementor elementor-5602 elementor-4051\" data-elementor-settings=\"{&quot;element_pack_global_tooltip_width&quot;:{&quot;unit&quot;:&quot;px&quot;,&quot;size&quot;:&quot;&quot;,&quot;sizes&quot;:[]},&quot;element_pack_global_tooltip_width_tablet&quot;:{&quot;unit&quot;:&quot;px&quot;,&quot;size&quot;:&quot;&quot;,&quot;sizes&quot;:[]},&quot;element_pack_global_tooltip_width_mobile&quot;:{&quot;unit&quot;:&quot;px&quot;,&quot;size&quot;:&quot;&quot;,&quot;sizes&quot;:[]},&quot;element_pack_global_tooltip_padding&quot;:{&quot;unit&quot;:&quot;px&quot;,&quot;top&quot;:&quot;&quot;,&quot;right&quot;:&quot;&quot;,&quot;bottom&quot;:&quot;&quot;,&quot;left&quot;:&quot;&quot;,&quot;isLinked&quot;:true},&quot;element_pack_global_tooltip_padding_tablet&quot;:{&quot;unit&quot;:&quot;px&quot;,&quot;top&quot;:&quot;&quot;,&quot;right&quot;:&quot;&quot;,&quot;bottom&quot;:&quot;&quot;,&quot;left&quot;:&quot;&quot;,&quot;isLinked&quot;:true},&quot;element_pack_global_tooltip_padding_mobile&quot;:{&quot;unit&quot;:&quot;px&quot;,&quot;top&quot;:&quot;&quot;,&quot;right&quot;:&quot;&quot;,&quot;bottom&quot;:&quot;&quot;,&quot;left&quot;:&quot;&quot;,&quot;isLinked&quot;:true},&quot;element_pack_global_tooltip_border_radius&quot;:{&quot;unit&quot;:&quot;px&quot;,&quot;top&quot;:&quot;&quot;,&quot;right&quot;:&quot;&quot;,&quot;bottom&quot;:&quot;&quot;,&quot;left&quot;:&quot;&quot;,&quot;isLinked&quot;:true},&quot;element_pack_global_tooltip_border_radius_tablet&quot;:{&quot;unit&quot;:&quot;px&quot;,&quot;top&quot;:&quot;&quot;,&quot;right&quot;:&quot;&quot;,&quot;bottom&quot;:&quot;&quot;,&quot;left&quot;:&quot;&quot;,&quot;isLinked&quot;:true},&quot;element_pack_global_tooltip_border_radius_mobile&quot;:{&quot;unit&quot;:&quot;px&quot;,&quot;top&quot;:&quot;&quot;,&quot;right&quot;:&quot;&quot;,&quot;bottom&quot;:&quot;&quot;,&quot;left&quot;:&quot;&quot;,&quot;isLinked&quot;:true}}\" data-elementor-post-type=\"page\">\n\t\t\t\t<div class=\"elementor-element elementor-element-452d77f e-flex e-con-boxed e-con e-parent\" data-id=\"452d77f\" data-element_type=\"container\" data-e-type=\"container\">\n\t\t\t\t\t<div class=\"e-con-inner\">\n\t\t\t\t<div class=\"elementor-element elementor-element-80dee34 elementor-widget elementor-widget-heading\" data-id=\"80dee34\" data-element_type=\"widget\" data-e-type=\"widget\" data-widget_type=\"heading.default\">\n\t\t\t\t<div class=\"elementor-widget-container\">\n\t\t\t\t\t<h2 class=\"elementor-heading-title elementor-size-default\">Legal notice<\/h2>\t\t\t\t<\/div>\n\t\t\t\t<\/div>\n\t\t\t\t<div class=\"elementor-element elementor-element-42cbbba elementor-widget elementor-widget-text-editor\" data-id=\"42cbbba\" data-element_type=\"widget\" data-e-type=\"widget\" data-widget_type=\"text-editor.default\">\n\t\t\t\t<div class=\"elementor-widget-container\">\n\t\t\t\t\t\t\t\t\t<h3><b>Publication of the website edited by<\/b><\/h3><p>Champagne de BARFONTARC<br>18 rue de Bar-Sur-Aube<br>10200 BAROVILLE<\/p><p><b style=\"color: var(--uicore-typography--h3-c,'#070707'); font-family: var(--uicore-typography--h3-f,'Inter'); font-size: var(--uicore-typography--h3-s,'10px'); font-style: var(--uicore-typography--h3-st,'normal'); letter-spacing: var(--uicore-typography--h3-ls,'-0.027em'); text-transform: var(--uicore-typography--h3-t,'none'); text-align: var(--text-align);\">Site<i> <\/i>created by<\/b><\/p><p><span style=\"text-decoration: underline;\"><a style=\"text-align: var(--text-align); background-color: #ffffff; font-family: var(--uicore-typography--p-f,'Inter'); font-size: var(--uicore-typography--p-s,'10px'); font-style: var(--uicore-typography--p-st,'normal'); font-weight: var(--uicore-typography--p-w,'600'); letter-spacing: var(--uicore-typography--p-ls,'-0.027em'); text-transform: var(--uicore-typography--p-t,'none');\" href=\"https:\/\/lesgrandsdiscrets.fr\/\" target=\"_blank\" rel=\"noopener\">The Great Discrets<\/a><\/span><\/p><h3><span style=\"color: var(--uicore-typography--h3-c,'#070707'); font-family: var(--uicore-typography--h3-f,'Inter'); font-size: var(--uicore-typography--h3-s,'10px'); font-style: var(--uicore-typography--h3-st,'normal'); letter-spacing: var(--uicore-typography--h3-ls,'-0.027em'); text-align: var(--text-align); text-transform: var(--uicore-typography--h3-t,'none');\"><b>Credits<\/b><\/span><\/h3><p>Photos : <br>\u00a9 <a href=\"http:\/\/www.olivierfrajman.com\/\" target=\"_blank\" rel=\"noopener\"><span style=\"text-decoration: underline;\">Olivier Frajman<\/span><\/a><br>\u00a9 <a href=\"https:\/\/sylvain-photographie.com\/\" target=\"_blank\" rel=\"noopener\"><span style=\"text-decoration: underline;\">Sylvain Bordier<\/span><\/a><br data-bf704fbe-38fb-46b8-9baf-549eb62e6e01-14=\"true\">\u00a9 <a href=\"https:\/\/atelierdemoulin.tumblr.com\/\" target=\"_blank\" rel=\"noopener\"><span style=\"text-decoration: underline;\">Nicolas D\u00e9moulin<\/span><\/a><br data-bf704fbe-38fb-46b8-9baf-549eb62e6e01-16=\"true\">\u00a9 Archives Coop\u00e9rative Vinicole de la R\u00e9gion de Baroville<\/p><p>Videos: \u00a9 <a href=\"https:\/\/www.zacarfilms.com\/\" target=\"_blank\" rel=\"noopener\">Zacar Films<\/a><\/p><h3><b>Liability<\/b><\/h3><p>Champagne de BARFONTARC makes every effort to ensure that the information published on this site is accurate and up-to-date. Champagne de BARFONTARC reserves the right to correct the content at any time and without prior notice. The information contained in this document is given as an indication and corresponds to our current knowledge. We cannot be held liable in the event of improper or inappropriate use of our products. Champagne de BARFONTARC declines all responsibility for any damage resulting from fraudulent intrusion by a third party leading to modification of the information on the site; and more generally for any damage, direct or indirect, whatever the cause, origin, nature or consequences, caused by anyone&#8217;s access to the site or inability to access it.    <\/p><h3><b>Links<\/b><\/h3><p>A request for authorization must be sent to Champagne de BARFONTARC before setting up a hypertext link to this site. This site contains links to other sites or internet sources. Champagne de BARFONTARC cannot be held responsible for the availability or content of these sites, nor for any damage of any kind suffered by visitors to these links.  <\/p><h3><b>Intellectual and industrial property<\/b><\/h3><p>This entire site is governed by French copyright and intellectual property laws. All reproduction rights are reserved, including for downloadable documents. Reproduction of any document published on this site is authorized for personal use only. Any reproduction and use of copies made for other purposes is expressly forbidden.   <\/p><h3><b>Use of personal data<\/b><\/h3><p>Champagne de BARFONTARC collects information to identify your needs and offer you a better service. Statistical elements allow us to better understand how visitors interact with our site. In accordance with the French Data Protection Act no. 78-17 of January 6, 1978, you have the right to access, rectify or delete any data concerning you. Any such request should be addressed to : Champagne de BARFONTARC, 18 rue de Bar-Sur-Aube &#8211; 10200 BAROVILLE . In any case, the confidentiality of information relating to visitors to this site will be preserved.    <\/p><h3><b>Hosting<\/b><\/h3><p><a href=\"https:\/\/www.hexanet.fr\/\" target=\"_blank\" rel=\"noopener\">Hexanet<\/a><\/p>\t\t\t\t\t\t\t\t<\/div>\n\t\t\t\t<\/div>\n\t\t\t\t\t<\/div>\n\t\t\t\t<\/div>\n\t\t\t\t<\/div>\n\t\t","protected":false},"excerpt":{"rendered":"<p>Legal notice Publication of the website edited by Champagne de BARFONTARC18 rue de Bar-Sur-Aube10200 BAROVILLE Site created by The Great Discrets Credits Photos : \u00a9 Olivier Frajman\u00a9 Sylvain Bordier\u00a9 Nicolas D\u00e9moulin\u00a9 Archives Coop\u00e9rative Vinicole de la R\u00e9gion de Baroville Videos: \u00a9 Zacar Films Liability Champagne de BARFONTARC makes every effort to ensure that the information [&hellip;]<\/p>\n","protected":false},"author":1,"featured_media":0,"parent":0,"menu_order":0,"comment_status":"closed","ping_status":"closed","template":"","meta":{"footnotes":""},"class_list":["post-5602","page","type-page","status-publish","hentry"],"yoast_head":"<!-- This site is optimized with the Yoast SEO plugin v27.5 - https:\/\/yoast.com\/product\/yoast-seo-wordpress\/ -->\n<title>Legal information | Champagne de BARFONTARC<\/title>\n<meta name=\"description\" content=\"Consult the legal notice on the official Champagne de BARFONTARC website.\" \/>\n<meta name=\"robots\" content=\"index, follow, max-snippet:-1, max-image-preview:large, max-video-preview:-1\" \/>\n<link rel=\"canonical\" href=\"https:\/\/www.champagne-barfontarc.com\/en\/terms-of-use\/\" \/>\n<meta property=\"og:locale\" content=\"en_US\" \/>\n<meta property=\"og:type\" content=\"article\" \/>\n<meta property=\"og:title\" content=\"Legal information | Champagne de BARFONTARC\" \/>\n<meta property=\"og:description\" content=\"Consult the legal notice on the official Champagne de BARFONTARC website.\" \/>\n<meta property=\"og:url\" content=\"https:\/\/www.champagne-barfontarc.com\/en\/terms-of-use\/\" \/>\n<meta property=\"og:site_name\" content=\"Champagne de BARFONTARC\" \/>\n<meta property=\"article:publisher\" content=\"https:\/\/www.facebook.com\/debarfontarc.champagne\" \/>\n<meta property=\"article:modified_time\" content=\"2026-04-27T06:27:43+00:00\" \/>\n<meta property=\"og:image\" content=\"https:\/\/www.champagne-barfontarc.com\/wp-content\/uploads\/2024\/12\/Champagne-de-BARFONTARC-Social-Share.jpg\" \/>\n\t<meta property=\"og:image:width\" content=\"1200\" \/>\n\t<meta property=\"og:image:height\" content=\"675\" \/>\n\t<meta property=\"og:image:type\" content=\"image\/jpeg\" \/>\n<meta name=\"twitter:card\" content=\"summary_large_image\" \/>\n<meta name=\"twitter:label1\" content=\"Est. reading time\" \/>\n\t<meta name=\"twitter:data1\" content=\"2 minutes\" \/>\n<script type=\"application\/ld+json\" class=\"yoast-schema-graph\">{\"@context\":\"https:\\\/\\\/schema.org\",\"@graph\":[{\"@type\":\"WebPage\",\"@id\":\"https:\\\/\\\/www.champagne-barfontarc.com\\\/en\\\/terms-of-use\\\/\",\"url\":\"https:\\\/\\\/www.champagne-barfontarc.com\\\/en\\\/terms-of-use\\\/\",\"name\":\"Legal information | Champagne de BARFONTARC\",\"isPartOf\":{\"@id\":\"https:\\\/\\\/www.champagne-barfontarc.com\\\/en\\\/#website\"},\"datePublished\":\"2024-07-31T09:18:26+00:00\",\"dateModified\":\"2026-04-27T06:27:43+00:00\",\"description\":\"Consult the legal notice on the official Champagne de BARFONTARC website.\",\"breadcrumb\":{\"@id\":\"https:\\\/\\\/www.champagne-barfontarc.com\\\/en\\\/terms-of-use\\\/#breadcrumb\"},\"inLanguage\":\"en-US\",\"potentialAction\":[{\"@type\":\"ReadAction\",\"target\":[\"https:\\\/\\\/www.champagne-barfontarc.com\\\/en\\\/terms-of-use\\\/\"]}]},{\"@type\":\"BreadcrumbList\",\"@id\":\"https:\\\/\\\/www.champagne-barfontarc.com\\\/en\\\/terms-of-use\\\/#breadcrumb\",\"itemListElement\":[{\"@type\":\"ListItem\",\"position\":1,\"name\":\"Accueil\",\"item\":\"https:\\\/\\\/www.champagne-barfontarc.com\\\/en\\\/home\\\/\"},{\"@type\":\"ListItem\",\"position\":2,\"name\":\"Legal notice\"}]},{\"@type\":\"WebSite\",\"@id\":\"https:\\\/\\\/www.champagne-barfontarc.com\\\/en\\\/#website\",\"url\":\"https:\\\/\\\/www.champagne-barfontarc.com\\\/en\\\/\",\"name\":\"Champagne de BARFONTARC\",\"description\":\"Situ\u00e9e au c\u0153ur de la C\u00f4te des Bar, \u00e0 Baroville, la Maison de Champagne de BARFONTARC est une Maison moderne et dynamique qui vise la qualit\u00e9\",\"publisher\":{\"@id\":\"https:\\\/\\\/www.champagne-barfontarc.com\\\/en\\\/#organization\"},\"alternateName\":\"Champagne de BARFONTARC\",\"potentialAction\":[{\"@type\":\"SearchAction\",\"target\":{\"@type\":\"EntryPoint\",\"urlTemplate\":\"https:\\\/\\\/www.champagne-barfontarc.com\\\/en\\\/?s={search_term_string}\"},\"query-input\":{\"@type\":\"PropertyValueSpecification\",\"valueRequired\":true,\"valueName\":\"search_term_string\"}}],\"inLanguage\":\"en-US\"},{\"@type\":\"Organization\",\"@id\":\"https:\\\/\\\/www.champagne-barfontarc.com\\\/en\\\/#organization\",\"name\":\"Champagne de BARFONTARC\",\"alternateName\":\"Champagne de BARFONTARC\",\"url\":\"https:\\\/\\\/www.champagne-barfontarc.com\\\/en\\\/\",\"logo\":{\"@type\":\"ImageObject\",\"inLanguage\":\"en-US\",\"@id\":\"https:\\\/\\\/www.champagne-barfontarc.com\\\/en\\\/#\\\/schema\\\/logo\\\/image\\\/\",\"url\":\"https:\\\/\\\/www.champagne-barfontarc.com\\\/wp-content\\\/uploads\\\/2024\\\/12\\\/Champagne-de-BARFONTARC-Logo-Square.jpg\",\"contentUrl\":\"https:\\\/\\\/www.champagne-barfontarc.com\\\/wp-content\\\/uploads\\\/2024\\\/12\\\/Champagne-de-BARFONTARC-Logo-Square.jpg\",\"width\":567,\"height\":567,\"caption\":\"Champagne de BARFONTARC\"},\"image\":{\"@id\":\"https:\\\/\\\/www.champagne-barfontarc.com\\\/en\\\/#\\\/schema\\\/logo\\\/image\\\/\"},\"sameAs\":[\"https:\\\/\\\/www.facebook.com\\\/debarfontarc.champagne\",\"https:\\\/\\\/www.linkedin.com\\\/company\\\/champagne-de-barfontarc\\\/posts\\\/?feedView=all\",\"https:\\\/\\\/www.instagram.com\\\/debarfontarc\\\/\",\"https:\\\/\\\/www.youtube.com\\\/channel\\\/UCfSGBcto4Xz6RFRmr_gBW-A\"]}]}<\/script>\n<!-- \/ Yoast SEO plugin. -->","yoast_head_json":{"title":"Legal information | Champagne de BARFONTARC","description":"Consult the legal notice on the official Champagne de BARFONTARC website.","robots":{"index":"index","follow":"follow","max-snippet":"max-snippet:-1","max-image-preview":"max-image-preview:large","max-video-preview":"max-video-preview:-1"},"canonical":"https:\/\/www.champagne-barfontarc.com\/en\/terms-of-use\/","og_locale":"en_US","og_type":"article","og_title":"Legal information | Champagne de BARFONTARC","og_description":"Consult the legal notice on the official Champagne de BARFONTARC website.","og_url":"https:\/\/www.champagne-barfontarc.com\/en\/terms-of-use\/","og_site_name":"Champagne de BARFONTARC","article_publisher":"https:\/\/www.facebook.com\/debarfontarc.champagne","article_modified_time":"2026-04-27T06:27:43+00:00","og_image":[{"width":1200,"height":675,"url":"https:\/\/www.champagne-barfontarc.com\/wp-content\/uploads\/2024\/12\/Champagne-de-BARFONTARC-Social-Share.jpg","type":"image\/jpeg"}],"twitter_card":"summary_large_image","twitter_misc":{"Est. reading time":"2 minutes"},"schema":{"@context":"https:\/\/schema.org","@graph":[{"@type":"WebPage","@id":"https:\/\/www.champagne-barfontarc.com\/en\/terms-of-use\/","url":"https:\/\/www.champagne-barfontarc.com\/en\/terms-of-use\/","name":"Legal information | Champagne de BARFONTARC","isPartOf":{"@id":"https:\/\/www.champagne-barfontarc.com\/en\/#website"},"datePublished":"2024-07-31T09:18:26+00:00","dateModified":"2026-04-27T06:27:43+00:00","description":"Consult the legal notice on the official Champagne de BARFONTARC website.","breadcrumb":{"@id":"https:\/\/www.champagne-barfontarc.com\/en\/terms-of-use\/#breadcrumb"},"inLanguage":"en-US","potentialAction":[{"@type":"ReadAction","target":["https:\/\/www.champagne-barfontarc.com\/en\/terms-of-use\/"]}]},{"@type":"BreadcrumbList","@id":"https:\/\/www.champagne-barfontarc.com\/en\/terms-of-use\/#breadcrumb","itemListElement":[{"@type":"ListItem","position":1,"name":"Accueil","item":"https:\/\/www.champagne-barfontarc.com\/en\/home\/"},{"@type":"ListItem","position":2,"name":"Legal notice"}]},{"@type":"WebSite","@id":"https:\/\/www.champagne-barfontarc.com\/en\/#website","url":"https:\/\/www.champagne-barfontarc.com\/en\/","name":"Champagne de BARFONTARC","description":"Situ\u00e9e au c\u0153ur de la C\u00f4te des Bar, \u00e0 Baroville, la Maison de Champagne de BARFONTARC est une Maison moderne et dynamique qui vise la qualit\u00e9","publisher":{"@id":"https:\/\/www.champagne-barfontarc.com\/en\/#organization"},"alternateName":"Champagne de BARFONTARC","potentialAction":[{"@type":"SearchAction","target":{"@type":"EntryPoint","urlTemplate":"https:\/\/www.champagne-barfontarc.com\/en\/?s={search_term_string}"},"query-input":{"@type":"PropertyValueSpecification","valueRequired":true,"valueName":"search_term_string"}}],"inLanguage":"en-US"},{"@type":"Organization","@id":"https:\/\/www.champagne-barfontarc.com\/en\/#organization","name":"Champagne de BARFONTARC","alternateName":"Champagne de BARFONTARC","url":"https:\/\/www.champagne-barfontarc.com\/en\/","logo":{"@type":"ImageObject","inLanguage":"en-US","@id":"https:\/\/www.champagne-barfontarc.com\/en\/#\/schema\/logo\/image\/","url":"https:\/\/www.champagne-barfontarc.com\/wp-content\/uploads\/2024\/12\/Champagne-de-BARFONTARC-Logo-Square.jpg","contentUrl":"https:\/\/www.champagne-barfontarc.com\/wp-content\/uploads\/2024\/12\/Champagne-de-BARFONTARC-Logo-Square.jpg","width":567,"height":567,"caption":"Champagne de BARFONTARC"},"image":{"@id":"https:\/\/www.champagne-barfontarc.com\/en\/#\/schema\/logo\/image\/"},"sameAs":["https:\/\/www.facebook.com\/debarfontarc.champagne","https:\/\/www.linkedin.com\/company\/champagne-de-barfontarc\/posts\/?feedView=all","https:\/\/www.instagram.com\/debarfontarc\/","https:\/\/www.youtube.com\/channel\/UCfSGBcto4Xz6RFRmr_gBW-A"]}]}},"_links":{"self":[{"href":"https:\/\/www.champagne-barfontarc.com\/en\/wp-json\/wp\/v2\/pages\/5602","targetHints":{"allow":["GET"]}}],"collection":[{"href":"https:\/\/www.champagne-barfontarc.com\/en\/wp-json\/wp\/v2\/pages"}],"about":[{"href":"https:\/\/www.champagne-barfontarc.com\/en\/wp-json\/wp\/v2\/types\/page"}],"author":[{"embeddable":true,"href":"https:\/\/www.champagne-barfontarc.com\/en\/wp-json\/wp\/v2\/users\/1"}],"replies":[{"embeddable":true,"href":"https:\/\/www.champagne-barfontarc.com\/en\/wp-json\/wp\/v2\/comments?post=5602"}],"version-history":[{"count":4,"href":"https:\/\/www.champagne-barfontarc.com\/en\/wp-json\/wp\/v2\/pages\/5602\/revisions"}],"predecessor-version":[{"id":8406,"href":"https:\/\/www.champagne-barfontarc.com\/en\/wp-json\/wp\/v2\/pages\/5602\/revisions\/8406"}],"wp:attachment":[{"href":"https:\/\/www.champagne-barfontarc.com\/en\/wp-json\/wp\/v2\/media?parent=5602"}],"curies":[{"name":"wp","href":"https:\/\/api.w.org\/{rel}","templated":true}]}}